{"id":490,"date":"2018-06-14T17:04:28","date_gmt":"2018-06-14T16:04:28","guid":{"rendered":"https:\/\/robertoalvite.com\/?page_id=490"},"modified":"2026-03-23T10:15:04","modified_gmt":"2026-03-23T09:15:04","slug":"cv","status":"publish","type":"page","link":"https:\/\/robertoalvite.com\/gl\/cv\/","title":{"rendered":"CV"},"content":{"rendered":"<p>Abaixo podes ver e descargar o meu curriculum como actor, pero se queres ler a cl\u00e1sica biograf\u00eda que resuma un pouco todo, aqu\u00ed cha deixo:<\/p>\n<p>Roberto Alvite (A Coru\u00f1a, 1989) traballa como produtor executivo, guionista e director en Melgo Cinema, a s\u00faa propia produtora audiovisual creada na Coru\u00f1a no ano 2018, coa que crea proxectos en diversos formatos e x\u00e9neros que te\u00f1en en com\u00fan unha li\u00f1a social. A s\u00faa \u00f3pera prima \u00e9 <em>As tres ca\u00eddas de Mar\u00eda Santiso <\/em>(2019), unha curtametraxe de comedia dram\u00e1tica protagonizada por Luc\u00eda Veiga en distribuci\u00f3n, ga\u00f1adora do Premio do P\u00fablico \u00e1 Mellor Pel\u00edcula Galega na s\u00faa estrea en Galicia na 41 Semana de Cine de Lugo. A continuaci\u00f3n traballa en <em>Postre <\/em>(2020), unha curtametraxe de suspense protagonizada por Luisa Merelas tam\u00e9n en distribuci\u00f3n; <em>Ti Primeiro <\/em>(2021), unha novela visual rom\u00e1ntica e interactiva protagonizada por Iris Darriba e Roberto Alvite dispo\u00f1ible para iOS e Android; <em>As tres vidas de Mar\u00eda Santiso<\/em> (2022), un falso tr\u00e1iler tam\u00e9n parte da s\u00faa futura longametraxe; <em>O noso pasar: A nosa natureza <\/em>(2023), unha docuficci\u00f3n mestura de fantas\u00eda e traxicomedia protagonizada por el mesmo e Rebeca Solla; <em>As tres outras vidas de Mar\u00eda Santiso <\/em>(2024), unha longametraxe de ficci\u00f3n con comedia negra e zombis protagonizada por el mesmo dispo\u00f1ible en FILMIN; <em>PEGADAS <\/em>(2027),  un drama en forma de c\u00f3mic dixital e interactivo en preproduci\u00f3n; e <em>O noso pasar: A nosa fantas\u00eda<\/em> (2026), un videoxogo en 2D de fantas\u00eda e defensa de torres desenvolvido para PC, iOS e Android.<\/p>\n<p>Diplomado en Educaci\u00f3n Social pola Universidade da Coru\u00f1a, ad\u00e9ntrase no \u00e1mbito do audiovisual no ano 2015 para formarse en interpretaci\u00f3n, especialmente na escola La Tuerka films con profesores como Daniel Curr\u00e1s, David Serrano ou Jorge Coira. A s\u00faa experiencia profesional como actor incl\u00fae pel\u00edculas como <em>Tres<\/em>, dirixida por Juanjo Gim\u00e9nez, e <em>Elisa y Marcela<\/em>, dirixida por Isabel Coixet, aparte de series de televisi\u00f3n como <em>Vivir sin permiso<\/em>, <em>Serramoura<\/em> e <em>El final del camino<\/em>. Compatibiliza esta etapa con traballos coma xu\u00edz de oratoria e debate en torneos escolares para TALKK, a Fundaci\u00f3n Barri\u00e9 e a Xunta de Galicia.<\/p>\n<p>Co tempo, inspirado en boa medida pola s\u00faa experiencia previa no campo da educaci\u00f3n social, decide dar un paso adiante e compaxinar a s\u00faa carreira de actor co desenvolvemento de proxectos propios, convencido do potencial da industria audiovisual para, ademais de entreter, tratar realidades do d\u00eda a d\u00eda.<\/p>\n<p>\u00c9 membro da entidade de xesti\u00f3n de dereitos de autor DAMA.<\/p>\n<a href=\"https:\/\/robertoalvite.com\/wp-content\/uploads\/2024\/12\/RobertoAlvite-CV-12-24.pdf\" class=\"su-button su-button-style-default\" style=\"color:#FFFFFF;background-color:#2D89EF;border-color:#246ec0;border-radius:5px\" target=\"_blank\" rel=\"noopener noreferrer\"><span style=\"color:#FFFFFF;padding:0px 16px;font-size:13px;line-height:26px;border-color:#6cadf4;border-radius:5px;text-shadow:none\"> Descargar CV<\/span><\/a>\n<h2>DATOS PERSONAIS<\/h2>\n<p>Residencia: A Coru\u00f1a<\/p>\n<p>Altura: 1,73 m<\/p>\n<p>Peso: 78 kg<\/p>\n<p>Pelo: casta\u00f1o escuro<\/p>\n<p>Ollos: mel<\/p>\n<p>Camiseta: M\/L<\/p>\n<p>Pantal\u00f3n: 43<\/p>\n<p>Calzado: 42<\/p>\n<h2>LONGAMETRAXES E TV<\/h2>\n<p>2023: \u00abAS TRES OUTRAS VIDAS DE MAR\u00cdA SANTISO\u00bb. Dir. Roberto Alvite. Melgo Cinema.<\/p>\n<p>2020: \u00abTRES\u00bb. Dir. Juanjo Gim\u00e9nez. Frida Films, Manny Films y M-Films.<\/p>\n<p>2018: \u201cELISA Y MARCELA\u201d. Dir. Isabel Coixet. Rodar y Rodar, Zenit Televisi\u00f3n e La Nube Pel\u00edculas para Netflix.<\/p>\n<p>2017: \u201cVIVIR SIN PERMISO\u201d. Dir. Miguel \u00c1ngel Vivas. Alea Media, Ficci\u00f3n Producciones e Mediaset.<\/p>\n<p>2017: \u201cSERRAMOURA\u201d. Dir. Jorge Saavedra. Voz Audiovisual para TVG.<\/p>\n<p>2016: \u201cEL FINAL DEL CAMINO\u201d. Dir. Miguel Conde. Voz Audiovisual para TVE e TVG.<\/p>\n<h2>CURTAMETRAXES E OUTROS FORMATOS<\/h2>\n<p>2025-2026: \u201cO NOSO PASAR: A NOSA FANTAS\u00cdA\u201d. Dir. Roberto Alvite. Melgo Cinema.<\/p>\n<p>2022: \u201cO NOSO PASAR: A NOSA NATUREZA\u201d. Dir. Roberto Alvite. Melgo Cinema.<\/p>\n<p>2022: \u00abAS TRES VIDAS DE MAR\u00cdA SANTISO\u00bb. Dir. Roberto Alvite. Melgo Cinema.<\/p>\n<p>2020: \u201cTI PRIMEIRO\u201d. Dir. Roberto Alvite. Melgo Cinema.<\/p>\n<p>2019: \u201cPOSTRE\u201d. Dir. Roberto Alvite. Melgo Cinema.<\/p>\n<p>2018: \u201cAS TRES CA\u00cdDAS DE MAR\u00cdA SANTISO\u201d. Dir. Roberto Alvite. Melgo Cinema.<\/p>\n<p>2017: \u201cHOPE MOTEL\u201d. Dir. Clara Artiaga. UDC-Comunicaci\u00f3n Audiovisual.<\/p>\n<p>2016: \u201cVICTORIA\u201d. Dir. Rebeca Novo. UDC-Comunicaci\u00f3n Audiovisual.<\/p>\n<h2>TEATRO<\/h2>\n<p>2017: Microteatro: \u201cIN MEMORIAM\u201d. Dir. Roberto Alvite. 26 FIOT de Carballo.<\/p>\n<p>2016: Microteatro: \u201c\u00d3PERA PRIMA\u201d. Dir. Daniel Curr\u00e1s. La Tuerka films.<\/p>\n<h2>FORMACI\u00d3N CINE E TV<\/h2>\n<p>2020: Masterclass: \u00ab<em>Years &amp; Years<\/em>, la profec\u00eda de una Europa rota\u00bb. Dir. Russell T. Davies. VLC Pitch Forum y ALMA.<\/p>\n<p>2020: Mesas audiovisuais con guion. Dir. Mar\u00eda del Puy Alvarado, Juana Mac\u00edas, Alba Flores, Fernando Franco e Tom\u00e1s Ros\u00f3n. ALMA.<\/p>\n<p>2018: Construci\u00f3n de personaxe. Dir. Juanma L\u00f3pez. La Tuerka films.<\/p>\n<p>2017: Interpretaci\u00f3n para cine e TV. Dir. Luis Gimeno. La Tuerka films.<\/p>\n<p>2016-2017: Interpretaci\u00f3n para cine e TV. Dir. Daniel Curr\u00e1s. La Tuerka films.<\/p>\n<p>2017: Interpretaci\u00f3n para a televisi\u00f3n. Dir. Marta Pi\u00f1eiro. La Tuerka films.<\/p>\n<p>2016, 2017: Interpretaci\u00f3n para comedia. Dir. Jes\u00fas Font. La Tuerka films.<\/p>\n<p>2017: Entrenamento audiovisual. Dir. Tonucha Vidal e Javier F. Luna. La Tuerka films.<\/p>\n<p>2016: Interpretaci\u00f3n. Dir. David Serrano. La Tuerka films.<\/p>\n<p>2016: Interpretaci\u00f3n para cine e TV. Dir. Rosa Est\u00e9vez. La Tuerka films.<\/p>\n<p>2016: Interpretaci\u00f3n para a televisi\u00f3n. Dir. Ozo Perozo. La Tuerka films.<\/p>\n<p>2016: Entrenamento audiovisual. Dir. Andr\u00e9s Cuenca. La Tuerka films.<\/p>\n<p>2016: Interpretaci\u00f3n para a televisi\u00f3n. Dir. Jes\u00fas Font. La Tuerka films.<\/p>\n<p>2016: Interpretaci\u00f3n para a televisi\u00f3n. Dir. Mariana Carballal. LAV-016.<\/p>\n<p>2015-2016: Interpretaci\u00f3n esc\u00e9nica e pr\u00e1cticas en plat\u00f3. Dir. Marcos Orsi, Tacho Gonz\u00e1lez, Jorge Saavedra e Victoria Teijeiro. Voz Audiovisual.<\/p>\n<h2>FORMACI\u00d3N COMPLEMENTARIA<\/h2>\n<p>2017: Impro para actores. Dir. Marita Mart\u00ednez e Luc\u00eda Veiga. La Tuerka films.<\/p>\n<p>2017: Interpretaci\u00f3n. Dir. Jorge Coira. La Tuerka films.<\/p>\n<p>2017: Interpretaci\u00f3n para o teatro. Dir. \u00c1ngel Sim\u00f3n. La Tuerka films.<\/p>\n<p>2016-2017: Clown e improvisaci\u00f3n. Dir. Carlos Sante. Manic\u00f3micos.<\/p>\n<p>2016: Voz e canto. Dir. Paula Rey. SEREA.<\/p>\n<p>2016: Dobraxe. Dir. Chema Gagino. UNO TV-Dreamovie.<\/p>\n<p>2015: Expresi\u00f3n corporal para actores. Dir. Kirenia Mart\u00ednez. La Tuerka films.<\/p>\n<p>2015: Oratoria, habilidades comunicativas e presentaci\u00f3ns eficaces. Dir. Alba Formoso. TALKK.<\/p>\n<h2>IDIOMAS<\/h2>\n<p>Espa\u00f1ol: lingua materna.<\/p>\n<p>Galego: lingua materna.<\/p>\n<p>Ingl\u00e9s: C1-CAE (avanzado).<\/p>\n<h2>OUTROS DATOS DE INTERESE<\/h2>\n<p>Xu\u00edz de oratoria en torneos escolares de debate a nivel auton\u00f3mico (TALKK, Fundaci\u00f3n Barri\u00e9 e Xunta de Galicia).<\/p>\n<p>Produtor executivo, guionista e director en Melgo Cinema <a href=\"https:\/\/www.melgocinema.com\" target=\"_blank\" rel=\"noopener noreferrer\">www.melgocinema.com<\/a><\/p>","protected":false},"excerpt":{"rendered":"<p>Abajo puedes ver y descargar mi curriculum como actor, pero si quieres leer la cl\u00e1sica biograf\u00eda que resuma un poco todo, aqu\u00ed te la dejo: Roberto Alvite (A Coru\u00f1a, 1989) trabaja como productor ejecutivo, guionista y director en Melgo Cinema, su propia productora audiovisual creada en A Coru\u00f1a en el a\u00f1o 2018, con la que [&hellip;]<\/p>\n","protected":false},"author":1,"featured_media":0,"parent":0,"menu_order":0,"comment_status":"closed","ping_status":"closed","template":"","meta":{"footnotes":""},"class_list":["post-490","page","type-page","status-publish","hentry"],"yoast_head":"<!-- This site is optimized with the Yoast SEO plugin v27.5 - https:\/\/yoast.com\/product\/yoast-seo-wordpress\/ -->\n<title>CV - ROBERTO ALVITE<\/title>\n<meta name=\"description\" content=\"En mi curriculum (CV) ver\u00e1s mi perfil detallado y un resumen de mi experiencia y formaci\u00f3n como actor y creador cultural desde Galicia.\" \/>\n<meta name=\"robots\" content=\"index, follow, max-snippet:-1, max-image-preview:large, max-video-preview:-1\" \/>\n<link rel=\"canonical\" href=\"https:\/\/robertoalvite.com\/gl\/cv\/\" \/>\n<meta property=\"og:locale\" content=\"gl_ES\" \/>\n<meta property=\"og:type\" content=\"article\" \/>\n<meta property=\"og:title\" content=\"CV - ROBERTO ALVITE\" \/>\n<meta property=\"og:description\" content=\"En mi curriculum (CV) ver\u00e1s mi perfil detallado y un resumen de mi experiencia y formaci\u00f3n como actor y creador cultural desde Galicia.\" \/>\n<meta property=\"og:url\" content=\"https:\/\/robertoalvite.com\/gl\/cv\/\" \/>\n<meta property=\"og:site_name\" content=\"ROBERTO ALVITE\" \/>\n<meta property=\"article:publisher\" content=\"http:\/\/www.facebook.com\/roberto.rodriguezalvite\" \/>\n<meta property=\"article:modified_time\" content=\"2026-03-23T09:15:04+00:00\" \/>\n<meta name=\"twitter:card\" content=\"summary_large_image\" \/>\n<meta name=\"twitter:label1\" content=\"Tempo de lectura\" \/>\n\t<meta name=\"twitter:data1\" content=\"5 minutos\" \/>\n<script type=\"application\/ld+json\" class=\"yoast-schema-graph\">{\"@context\":\"https:\\\/\\\/schema.org\",\"@graph\":[{\"@type\":\"WebPage\",\"@id\":\"https:\\\/\\\/robertoalvite.com\\\/cv\\\/\",\"url\":\"https:\\\/\\\/robertoalvite.com\\\/cv\\\/\",\"name\":\"CV - ROBERTO ALVITE\",\"isPartOf\":{\"@id\":\"https:\\\/\\\/robertoalvite.com\\\/#website\"},\"datePublished\":\"2018-06-14T16:04:28+00:00\",\"dateModified\":\"2026-03-23T09:15:04+00:00\",\"description\":\"En mi curriculum (CV) ver\u00e1s mi perfil detallado y un resumen de mi experiencia y formaci\u00f3n como actor y creador cultural desde Galicia.\",\"breadcrumb\":{\"@id\":\"https:\\\/\\\/robertoalvite.com\\\/cv\\\/#breadcrumb\"},\"inLanguage\":\"gl-ES\",\"potentialAction\":[{\"@type\":\"ReadAction\",\"target\":[\"https:\\\/\\\/robertoalvite.com\\\/cv\\\/\"]}]},{\"@type\":\"BreadcrumbList\",\"@id\":\"https:\\\/\\\/robertoalvite.com\\\/cv\\\/#breadcrumb\",\"itemListElement\":[{\"@type\":\"ListItem\",\"position\":1,\"name\":\"Portada\",\"item\":\"https:\\\/\\\/robertoalvite.com\\\/\"},{\"@type\":\"ListItem\",\"position\":2,\"name\":\"CV\"}]},{\"@type\":\"WebSite\",\"@id\":\"https:\\\/\\\/robertoalvite.com\\\/#website\",\"url\":\"https:\\\/\\\/robertoalvite.com\\\/\",\"name\":\"ROBERTO ALVITE\",\"description\":\"Actor, productor, guionista y director\",\"potentialAction\":[{\"@type\":\"SearchAction\",\"target\":{\"@type\":\"EntryPoint\",\"urlTemplate\":\"https:\\\/\\\/robertoalvite.com\\\/?s={search_term_string}\"},\"query-input\":{\"@type\":\"PropertyValueSpecification\",\"valueRequired\":true,\"valueName\":\"search_term_string\"}}],\"inLanguage\":\"gl-ES\"}]}<\/script>\n<!-- \/ Yoast SEO plugin. -->","yoast_head_json":{"title":"CV - ROBERTO ALVITE","description":"En mi curriculum (CV) ver\u00e1s mi perfil detallado y un resumen de mi experiencia y formaci\u00f3n como actor y creador cultural desde Galicia.","robots":{"index":"index","follow":"follow","max-snippet":"max-snippet:-1","max-image-preview":"max-image-preview:large","max-video-preview":"max-video-preview:-1"},"canonical":"https:\/\/robertoalvite.com\/gl\/cv\/","og_locale":"gl_ES","og_type":"article","og_title":"CV - ROBERTO ALVITE","og_description":"En mi curriculum (CV) ver\u00e1s mi perfil detallado y un resumen de mi experiencia y formaci\u00f3n como actor y creador cultural desde Galicia.","og_url":"https:\/\/robertoalvite.com\/gl\/cv\/","og_site_name":"ROBERTO ALVITE","article_publisher":"http:\/\/www.facebook.com\/roberto.rodriguezalvite","article_modified_time":"2026-03-23T09:15:04+00:00","twitter_card":"summary_large_image","twitter_misc":{"Tempo de lectura":"5 minutos"},"schema":{"@context":"https:\/\/schema.org","@graph":[{"@type":"WebPage","@id":"https:\/\/robertoalvite.com\/cv\/","url":"https:\/\/robertoalvite.com\/cv\/","name":"CV - ROBERTO ALVITE","isPartOf":{"@id":"https:\/\/robertoalvite.com\/#website"},"datePublished":"2018-06-14T16:04:28+00:00","dateModified":"2026-03-23T09:15:04+00:00","description":"En mi curriculum (CV) ver\u00e1s mi perfil detallado y un resumen de mi experiencia y formaci\u00f3n como actor y creador cultural desde Galicia.","breadcrumb":{"@id":"https:\/\/robertoalvite.com\/cv\/#breadcrumb"},"inLanguage":"gl-ES","potentialAction":[{"@type":"ReadAction","target":["https:\/\/robertoalvite.com\/cv\/"]}]},{"@type":"BreadcrumbList","@id":"https:\/\/robertoalvite.com\/cv\/#breadcrumb","itemListElement":[{"@type":"ListItem","position":1,"name":"Portada","item":"https:\/\/robertoalvite.com\/"},{"@type":"ListItem","position":2,"name":"CV"}]},{"@type":"WebSite","@id":"https:\/\/robertoalvite.com\/#website","url":"https:\/\/robertoalvite.com\/","name":"ROBERTO ALVITE","description":"Actor, produtor, guionista e director","potentialAction":[{"@type":"SearchAction","target":{"@type":"EntryPoint","urlTemplate":"https:\/\/robertoalvite.com\/?s={search_term_string}"},"query-input":{"@type":"PropertyValueSpecification","valueRequired":true,"valueName":"search_term_string"}}],"inLanguage":"gl-ES"}]}},"_links":{"self":[{"href":"https:\/\/robertoalvite.com\/gl\/wp-json\/wp\/v2\/pages\/490","targetHints":{"allow":["GET"]}}],"collection":[{"href":"https:\/\/robertoalvite.com\/gl\/wp-json\/wp\/v2\/pages"}],"about":[{"href":"https:\/\/robertoalvite.com\/gl\/wp-json\/wp\/v2\/types\/page"}],"author":[{"embeddable":true,"href":"https:\/\/robertoalvite.com\/gl\/wp-json\/wp\/v2\/users\/1"}],"replies":[{"embeddable":true,"href":"https:\/\/robertoalvite.com\/gl\/wp-json\/wp\/v2\/comments?post=490"}],"version-history":[{"count":41,"href":"https:\/\/robertoalvite.com\/gl\/wp-json\/wp\/v2\/pages\/490\/revisions"}],"predecessor-version":[{"id":1205,"href":"https:\/\/robertoalvite.com\/gl\/wp-json\/wp\/v2\/pages\/490\/revisions\/1205"}],"wp:attachment":[{"href":"https:\/\/robertoalvite.com\/gl\/wp-json\/wp\/v2\/media?parent=490"}],"curies":[{"name":"wp","href":"https:\/\/api.w.org\/{rel}","templated":true}]}}