{"id":812,"date":"2020-07-05T11:35:25","date_gmt":"2020-07-05T09:35:25","guid":{"rendered":"https:\/\/robertoalvite.com\/?page_id=812"},"modified":"2025-05-27T10:42:26","modified_gmt":"2025-05-27T08:42:26","slug":"aviso-legal","status":"publish","type":"page","link":"https:\/\/robertoalvite.com\/gl\/aviso-legal\/","title":{"rendered":"AVISO LEGAL"},"content":{"rendered":"<p>En cumplimiento con lo recogido en el art\u00edculo 10 de la ley 34\/2002, de 11 de julio, de Servicios de la Sociedad de la Informaci\u00f3n y del Comercio Electr\u00f3nico (LSSI-CE), se expone lo siguiente:<\/p>\n\n\n\n<p>El presente dominio robertoalvite.com (en adelante, \u201cla p\u00e1gina web\u201d) est\u00e1 registrado a nombre de ROBERTO RODR\u00cdGUEZ ALVITE (en adelante, \u201cel titular\u201d), con DNI 46917482N, domicilio en C\/ ORILLAMAR 35 4 CENTRO \u2013 15001 A CORU\u00d1A, y direcci\u00f3n de correo electr\u00f3nico roberto.alvite@gmail.com<\/p>\n\n\n\n<p>CONDICIONES DE USO<\/p>\n\n\n\n<p>Las presentes condiciones de uso de la p\u00e1gina web regulan los t\u00e9rminos de acceso y uso de todos o parte de sus contenidos y servicios. Dicho acceso y uso por parte del usuario supone la aceptaci\u00f3n de las condiciones de uso. Por tanto, el usuario asume cualquier responsabilidad que pudiera derivarse de su incumplimiento.<\/p>\n\n\n\n<p>El usuario no podr\u00e1 utilizar la p\u00e1gina web para actividades contrarias a la Ley, la buena fe, la moral y el orden p\u00fablico.<\/p>\n\n\n\n<p>El usuario no podr\u00e1 utilizar la p\u00e1gina web para transmitir, almacenar, divulgar, promover o distribuir datos o contenidos que sean portadores de virus o cualquier otro c\u00f3digo inform\u00e1tico malicioso, dise\u00f1ados para interrumpir, perjudicar o destruir el funcionamiento de cualquier programa o equipo inform\u00e1tico o de telecomunicaciones.<\/p>\n\n\n\n<p>Quedan expresamente prohibidas la reproducci\u00f3n, la distribuci\u00f3n y la comunicaci\u00f3n p\u00fablica con fines comerciales de la totalidad o parte de los contenidos de la p\u00e1gina web, en cualquier soporte y por cualquier medio t\u00e9cnico, sin la autorizaci\u00f3n expresa del titular. Asimismo, queda prohibida la difusi\u00f3n, almacenamiento y\/o gesti\u00f3n de datos o contenidos que infrinjan derechos de terceros o cualesquiera normativas reguladoras de derechos de propiedad intelectual o industrial, a menos que se cuente con la debida autorizaci\u00f3n por parte de los propietarios de los derechos.<\/p>\n\n\n\n<p>El titular no garantiza la disponibilidad continua y permanente del acceso y uso de la p\u00e1gina web, quedando de este modo sin responsabilidad por posibles da\u00f1os y perjuicios causados como consecuencia de la falta de disponibilidad del servicio por motivos de fuerza mayor o errores en las redes telem\u00e1ticas de transferencia de datos, ajenos a su voluntad, o por desconexiones realizadas por trabajos de mejora o mantenimiento de los equipos y sistemas inform\u00e1ticos. Asimismo, no se responsabiliza de las posibles omisiones, p\u00e9rdidas de informaci\u00f3n, datos, configuraciones, accesos indebidos o vulneraci\u00f3n de la confidencialidad que tengan origen en problemas t\u00e9cnicos, de comunicaciones o causas humanas, provocadas por terceros o no imputables a la p\u00e1gina web.<\/p>\n\n\n\n<p>La presencia de cualquier hiperenlace entre la p\u00e1gina web y cualquier otra p\u00e1gina web exhime al titular de responsabilidad por los contenidos o servicios puestos a disposici\u00f3n del p\u00fablico en aquellas otras p\u00e1ginas webs, as\u00ed como de las informaciones y manifestaciones incluidas en las mismas.<\/p>\n\n\n\n<p>El titular no se hace responsable de los da\u00f1os y perjuicios de cualquier naturaleza que pudieran derivar de la falta de utilidad, adecuaci\u00f3n o validez de la p\u00e1gina web y\/o de sus servicios o contenidos para satisfacer necesidades, actividades o resultados concretos o expectativas del usuario.<\/p>\n\n\n\n<p>Las presentes condiciones de uso se rigen por la legislaci\u00f3n espa\u00f1ola. El titular y el usuario, con renuncia expresa a cualquier otro fuero que pudiera corresponderles, se someten a la Jurisdicci\u00f3n de los Juzgados y Tribunales del domicilio del usuario para cuantas cuestiones pudieran suscitarse o acciones ejercitarse derivadas de la prestaci\u00f3n del servicio de la p\u00e1gina web y de sus &nbsp;contenidos y sobre la interpretaci\u00f3n, aplicaci\u00f3n, cumplimiento o incumplimiento de lo aqu\u00ed establecido. En el supuesto de que el usuario tenga su domicilio fuera de Espa\u00f1a, la empresa y el usuario, con renuncia expresa a cualquier otro fuero que pudiera corresponderles, se someten a la Jurisdicci\u00f3n de los Juzgados y Tribunales de A CORU\u00d1A.<\/p>\n\n\n\n<p>El titular se reserva la facultad de modificar en cualquier momento, y sin previo aviso, la estructura, dise\u00f1o, contenidos y condiciones de uso de la p\u00e1gina web.<\/p>","protected":false},"excerpt":{"rendered":"<p>En cumplimiento con lo recogido en el art\u00edculo 10 de la ley 34\/2002, de 11 de julio, de Servicios de la Sociedad de la Informaci\u00f3n y del Comercio Electr\u00f3nico (LSSI-CE), se expone lo siguiente: El presente dominio robertoalvite.com (en adelante, \u201cla p\u00e1gina web\u201d) est\u00e1 registrado a nombre de ROBERTO RODR\u00cdGUEZ ALVITE (en adelante, \u201cel titular\u201d), [&hellip;]<\/p>\n","protected":false},"author":1,"featured_media":0,"parent":0,"menu_order":0,"comment_status":"closed","ping_status":"closed","template":"","meta":{"footnotes":""},"class_list":["post-812","page","type-page","status-publish","hentry"],"yoast_head":"<!-- This site is optimized with the Yoast SEO plugin v27.5 - https:\/\/yoast.com\/product\/yoast-seo-wordpress\/ -->\n<title>AVISO LEGAL - ROBERTO ALVITE<\/title>\n<meta name=\"description\" content=\"Aviso legal y condiciones de uso de la p\u00e1gina web del actor, productor, guionista y director Roberto Alvite. Desde Galicia.\" \/>\n<meta name=\"robots\" content=\"index, follow, max-snippet:-1, max-image-preview:large, max-video-preview:-1\" \/>\n<link rel=\"canonical\" href=\"https:\/\/robertoalvite.com\/gl\/aviso-legal\/\" \/>\n<meta property=\"og:locale\" content=\"gl_ES\" \/>\n<meta property=\"og:type\" content=\"article\" \/>\n<meta property=\"og:title\" content=\"AVISO LEGAL - ROBERTO ALVITE\" \/>\n<meta property=\"og:description\" content=\"Aviso legal y condiciones de uso de la p\u00e1gina web del actor, productor, guionista y director Roberto Alvite. Desde Galicia.\" \/>\n<meta property=\"og:url\" content=\"https:\/\/robertoalvite.com\/gl\/aviso-legal\/\" \/>\n<meta property=\"og:site_name\" content=\"ROBERTO ALVITE\" \/>\n<meta property=\"article:publisher\" content=\"http:\/\/www.facebook.com\/roberto.rodriguezalvite\" \/>\n<meta property=\"article:modified_time\" content=\"2025-05-27T08:42:26+00:00\" \/>\n<meta name=\"twitter:card\" content=\"summary_large_image\" \/>\n<meta name=\"twitter:label1\" content=\"Tempo de lectura\" \/>\n\t<meta name=\"twitter:data1\" content=\"3 minutos\" \/>\n<script type=\"application\/ld+json\" class=\"yoast-schema-graph\">{\"@context\":\"https:\\\/\\\/schema.org\",\"@graph\":[{\"@type\":\"WebPage\",\"@id\":\"https:\\\/\\\/robertoalvite.com\\\/aviso-legal\\\/\",\"url\":\"https:\\\/\\\/robertoalvite.com\\\/aviso-legal\\\/\",\"name\":\"AVISO LEGAL - ROBERTO ALVITE\",\"isPartOf\":{\"@id\":\"https:\\\/\\\/robertoalvite.com\\\/#website\"},\"datePublished\":\"2020-07-05T09:35:25+00:00\",\"dateModified\":\"2025-05-27T08:42:26+00:00\",\"description\":\"Aviso legal y condiciones de uso de la p\u00e1gina web del actor, productor, guionista y director Roberto Alvite. Desde Galicia.\",\"breadcrumb\":{\"@id\":\"https:\\\/\\\/robertoalvite.com\\\/aviso-legal\\\/#breadcrumb\"},\"inLanguage\":\"gl-ES\",\"potentialAction\":[{\"@type\":\"ReadAction\",\"target\":[\"https:\\\/\\\/robertoalvite.com\\\/aviso-legal\\\/\"]}]},{\"@type\":\"BreadcrumbList\",\"@id\":\"https:\\\/\\\/robertoalvite.com\\\/aviso-legal\\\/#breadcrumb\",\"itemListElement\":[{\"@type\":\"ListItem\",\"position\":1,\"name\":\"Portada\",\"item\":\"https:\\\/\\\/robertoalvite.com\\\/\"},{\"@type\":\"ListItem\",\"position\":2,\"name\":\"AVISO LEGAL\"}]},{\"@type\":\"WebSite\",\"@id\":\"https:\\\/\\\/robertoalvite.com\\\/#website\",\"url\":\"https:\\\/\\\/robertoalvite.com\\\/\",\"name\":\"ROBERTO ALVITE\",\"description\":\"Actor, productor, guionista y director\",\"potentialAction\":[{\"@type\":\"SearchAction\",\"target\":{\"@type\":\"EntryPoint\",\"urlTemplate\":\"https:\\\/\\\/robertoalvite.com\\\/?s={search_term_string}\"},\"query-input\":{\"@type\":\"PropertyValueSpecification\",\"valueRequired\":true,\"valueName\":\"search_term_string\"}}],\"inLanguage\":\"gl-ES\"}]}<\/script>\n<!-- \/ Yoast SEO plugin. -->","yoast_head_json":{"title":"AVISO LEGAL - ROBERTO ALVITE","description":"Aviso legal y condiciones de uso de la p\u00e1gina web del actor, productor, guionista y director Roberto Alvite. Desde Galicia.","robots":{"index":"index","follow":"follow","max-snippet":"max-snippet:-1","max-image-preview":"max-image-preview:large","max-video-preview":"max-video-preview:-1"},"canonical":"https:\/\/robertoalvite.com\/gl\/aviso-legal\/","og_locale":"gl_ES","og_type":"article","og_title":"AVISO LEGAL - ROBERTO ALVITE","og_description":"Aviso legal y condiciones de uso de la p\u00e1gina web del actor, productor, guionista y director Roberto Alvite. Desde Galicia.","og_url":"https:\/\/robertoalvite.com\/gl\/aviso-legal\/","og_site_name":"ROBERTO ALVITE","article_publisher":"http:\/\/www.facebook.com\/roberto.rodriguezalvite","article_modified_time":"2025-05-27T08:42:26+00:00","twitter_card":"summary_large_image","twitter_misc":{"Tempo de lectura":"3 minutos"},"schema":{"@context":"https:\/\/schema.org","@graph":[{"@type":"WebPage","@id":"https:\/\/robertoalvite.com\/aviso-legal\/","url":"https:\/\/robertoalvite.com\/aviso-legal\/","name":"AVISO LEGAL - ROBERTO ALVITE","isPartOf":{"@id":"https:\/\/robertoalvite.com\/#website"},"datePublished":"2020-07-05T09:35:25+00:00","dateModified":"2025-05-27T08:42:26+00:00","description":"Aviso legal y condiciones de uso de la p\u00e1gina web del actor, productor, guionista y director Roberto Alvite. Desde Galicia.","breadcrumb":{"@id":"https:\/\/robertoalvite.com\/aviso-legal\/#breadcrumb"},"inLanguage":"gl-ES","potentialAction":[{"@type":"ReadAction","target":["https:\/\/robertoalvite.com\/aviso-legal\/"]}]},{"@type":"BreadcrumbList","@id":"https:\/\/robertoalvite.com\/aviso-legal\/#breadcrumb","itemListElement":[{"@type":"ListItem","position":1,"name":"Portada","item":"https:\/\/robertoalvite.com\/"},{"@type":"ListItem","position":2,"name":"AVISO LEGAL"}]},{"@type":"WebSite","@id":"https:\/\/robertoalvite.com\/#website","url":"https:\/\/robertoalvite.com\/","name":"ROBERTO ALVITE","description":"Actor, produtor, guionista e director","potentialAction":[{"@type":"SearchAction","target":{"@type":"EntryPoint","urlTemplate":"https:\/\/robertoalvite.com\/?s={search_term_string}"},"query-input":{"@type":"PropertyValueSpecification","valueRequired":true,"valueName":"search_term_string"}}],"inLanguage":"gl-ES"}]}},"_links":{"self":[{"href":"https:\/\/robertoalvite.com\/gl\/wp-json\/wp\/v2\/pages\/812","targetHints":{"allow":["GET"]}}],"collection":[{"href":"https:\/\/robertoalvite.com\/gl\/wp-json\/wp\/v2\/pages"}],"about":[{"href":"https:\/\/robertoalvite.com\/gl\/wp-json\/wp\/v2\/types\/page"}],"author":[{"embeddable":true,"href":"https:\/\/robertoalvite.com\/gl\/wp-json\/wp\/v2\/users\/1"}],"replies":[{"embeddable":true,"href":"https:\/\/robertoalvite.com\/gl\/wp-json\/wp\/v2\/comments?post=812"}],"version-history":[{"count":2,"href":"https:\/\/robertoalvite.com\/gl\/wp-json\/wp\/v2\/pages\/812\/revisions"}],"predecessor-version":[{"id":1180,"href":"https:\/\/robertoalvite.com\/gl\/wp-json\/wp\/v2\/pages\/812\/revisions\/1180"}],"wp:attachment":[{"href":"https:\/\/robertoalvite.com\/gl\/wp-json\/wp\/v2\/media?parent=812"}],"curies":[{"name":"wp","href":"https:\/\/api.w.org\/{rel}","templated":true}]}}