{"id":953,"date":"2022-12-25T20:34:14","date_gmt":"2022-12-25T19:34:14","guid":{"rendered":"https:\/\/robertoalvite.com\/?page_id=953"},"modified":"2025-07-16T13:36:25","modified_gmt":"2025-07-16T11:36:25","slug":"pegadas","status":"publish","type":"page","link":"https:\/\/robertoalvite.com\/gl\/pegadas\/","title":{"rendered":"PEGADAS"},"content":{"rendered":"<figure class=\"wp-block-image size-large\"><img loading=\"lazy\" decoding=\"async\" width=\"1024\" height=\"576\" src=\"https:\/\/robertoalvite.com\/wp-content\/uploads\/2023\/01\/PEGADAS-comic-interactivo-roberto-alvite-maria-lara-martin-melgo-cinema-drama-familia-infancia-ninos-ninas-galicia-gallego-cartel-1-1024x576.jpg\" alt=\"\" class=\"wp-image-1001\" srcset=\"https:\/\/robertoalvite.com\/wp-content\/uploads\/2023\/01\/PEGADAS-comic-interactivo-roberto-alvite-maria-lara-martin-melgo-cinema-drama-familia-infancia-ninos-ninas-galicia-gallego-cartel-1-1024x576.jpg 1024w, https:\/\/robertoalvite.com\/wp-content\/uploads\/2023\/01\/PEGADAS-comic-interactivo-roberto-alvite-maria-lara-martin-melgo-cinema-drama-familia-infancia-ninos-ninas-galicia-gallego-cartel-1-300x169.jpg 300w, https:\/\/robertoalvite.com\/wp-content\/uploads\/2023\/01\/PEGADAS-comic-interactivo-roberto-alvite-maria-lara-martin-melgo-cinema-drama-familia-infancia-ninos-ninas-galicia-gallego-cartel-1-768x432.jpg 768w, https:\/\/robertoalvite.com\/wp-content\/uploads\/2023\/01\/PEGADAS-comic-interactivo-roberto-alvite-maria-lara-martin-melgo-cinema-drama-familia-infancia-ninos-ninas-galicia-gallego-cartel-1-1536x864.jpg 1536w, https:\/\/robertoalvite.com\/wp-content\/uploads\/2023\/01\/PEGADAS-comic-interactivo-roberto-alvite-maria-lara-martin-melgo-cinema-drama-familia-infancia-ninos-ninas-galicia-gallego-cartel-1-18x10.jpg 18w, https:\/\/robertoalvite.com\/wp-content\/uploads\/2023\/01\/PEGADAS-comic-interactivo-roberto-alvite-maria-lara-martin-melgo-cinema-drama-familia-infancia-ninos-ninas-galicia-gallego-cartel-1-1240x698.jpg 1240w, https:\/\/robertoalvite.com\/wp-content\/uploads\/2023\/01\/PEGADAS-comic-interactivo-roberto-alvite-maria-lara-martin-melgo-cinema-drama-familia-infancia-ninos-ninas-galicia-gallego-cartel-1-508x286.jpg 508w, https:\/\/robertoalvite.com\/wp-content\/uploads\/2023\/01\/PEGADAS-comic-interactivo-roberto-alvite-maria-lara-martin-melgo-cinema-drama-familia-infancia-ninos-ninas-galicia-gallego-cartel-1.jpg 1920w\" sizes=\"auto, (max-width: 1024px) 100vw, 1024px\" \/><figcaption class=\"wp-element-caption\">Ilustrado por Mar\u00eda Lara Mart\u00edn<\/figcaption><\/figure>\n\n\n\n<p><em>PEGADAS<\/em> \u00e9 un c\u00f3mic dixital e interactivo sobre a desprotecci\u00f3n da infancia, de x\u00e9nero dram\u00e1tico. Tr\u00e1tase dun proxecto escrito, dirixido e producido por min, e ilustrado por Mar\u00eda Lara Mart\u00edn. <\/p>\n\n\n\n<p>Lanzamento previsto en 2026 para PC, con textos en galego, castel\u00e1n e ingl\u00e9s.<\/p>\n\n\n\n<p class=\"has-text-align-center\"><strong>SINOPSE<\/strong><\/p>\n\n\n\n<p>Un grupo de nenos e nenas intenta divertirse nun pobo galego que ten na caza unha actividade habitual para parte dos seus adultos. No medio de fogo cruzado entre os seus familiares destaca unha desas nenas, Nerea, tan curiosa como intelixente. A mesma intelixencia leva a Diana, unha muller nova, a percorrer ese pobo loitando por un novo cami\u00f1o sociolaboral no que ningunha muller se sinta un xoguete en mans de ningu\u00e9n.<\/p>\n\n\n\n<p>Perseguida polos conflitos do pasado, a memoria colectiva \u00e1 que se enfrontar\u00e1 Diana ser\u00e1 clave para abrir unha nova etapa. O onte e o hoxe fundiranse nun instante que cambiar\u00e1 as s\u00faas vidas para sempre.<\/p>\n\n\n\n<p class=\"has-text-align-center\"><strong>IMAXES<\/strong><\/p>\n\n\n<style type=\"text\/css\">\n#foogallery-gallery-983.fg-justified .fg-item { margin-right: 2px; margin-bottom: 2px; }\n#foogallery-gallery-983.fg-justified .fg-image { height: 200px; }<\/style>\n\t\t\t<div class=\"foogallery foogallery-container foogallery-justified foogallery-lightbox-foobox fg-justified fg-ready fg-light fg-shadow-outline fg-loading-default fg-loaded-fade-in fg-caption-hover fg-hover-fade fg-hover-zoom2\" id=\"foogallery-gallery-983\" data-foogallery=\"{&quot;item&quot;:{&quot;showCaptionTitle&quot;:true,&quot;showCaptionDescription&quot;:true},&quot;lazy&quot;:true,&quot;template&quot;:{&quot;rowHeight&quot;:200,&quot;maxRowHeight&quot;:300,&quot;margins&quot;:2,&quot;align&quot;:&quot;center&quot;,&quot;lastRow&quot;:&quot;justify&quot;}}\" style=\"--fg-title-line-clamp: 0; --fg-description-line-clamp: 0;\" >\n\t<div class=\"fg-item fg-type-image fg-idle\"><figure class=\"fg-item-inner\"><a href=\"https:\/\/robertoalvite.com\/wp-content\/uploads\/2023\/01\/PEGADAS-comic-interactivo-roberto-alvite-maria-lara-martin-melgo-cinema-drama-familia-infancia-ninos-ninas-galicia-gallego-1.jpg\" data-caption-title=\"Ilustrado por Mar\u00eda Lara Mart\u00edn\" data-caption-desc=\"PEGADAS\" data-attachment-id=\"996\" data-type=\"image\" class=\"fg-thumb\"><span class=\"fg-image-wrap\"><img fetchpriority=\"high\" decoding=\"async\" title=\"Ilustrado por Mar\u00eda Lara Mart\u00edn\" height=\"300\" width=\"482\" class=\"skip-lazy fg-image\" data-src-fg=\"https:\/\/robertoalvite.com\/wp-content\/uploads\/cache\/2023\/01\/PEGADAS-comic-interactivo-roberto-alvite-maria-lara-martin-melgo-cinema-drama-familia-infancia-ninos-ninas-galicia-gallego-1\/1413001447.jpg\" src=\"data:image\/svg+xml,%3Csvg%20xmlns%3D%22http%3A%2F%2Fwww.w3.org%2F2000%2Fsvg%22%20width%3D%22482%22%20height%3D%22300%22%20viewBox%3D%220%200%20482%20300%22%3E%3C%2Fsvg%3E\" loading=\"eager\"><\/span><span class=\"fg-image-overlay\"><\/span><\/a><figcaption class=\"fg-caption\"><div class=\"fg-caption-inner\"><div class=\"fg-caption-title\">Ilustrado por Mar\u00eda Lara Mart\u00edn<\/div><div class=\"fg-caption-desc\">PEGADAS<\/div><\/div><\/figcaption><\/figure><div class=\"fg-loader\"><\/div><\/div><div class=\"fg-item fg-type-image fg-idle\"><figure class=\"fg-item-inner\"><a href=\"https:\/\/robertoalvite.com\/wp-content\/uploads\/2023\/01\/PEGADAS-comic-interactivo-roberto-alvite-maria-lara-martin-melgo-cinema-drama-familia-infancia-ninos-ninas-galicia-gallego-0.jpg\" data-caption-title=\"Ilustrado por Mar\u00eda Lara Mart\u00edn\" data-caption-desc=\"PEGADAS\" data-attachment-id=\"995\" data-type=\"image\" class=\"fg-thumb\"><span class=\"fg-image-wrap\"><img decoding=\"async\" title=\"Ilustrado por Mar\u00eda Lara Mart\u00edn\" height=\"300\" width=\"473\" class=\"skip-lazy fg-image\" data-src-fg=\"https:\/\/robertoalvite.com\/wp-content\/uploads\/cache\/2023\/01\/PEGADAS-comic-interactivo-roberto-alvite-maria-lara-martin-melgo-cinema-drama-familia-infancia-ninos-ninas-galicia-gallego-0\/2824730923.jpg\" src=\"data:image\/svg+xml,%3Csvg%20xmlns%3D%22http%3A%2F%2Fwww.w3.org%2F2000%2Fsvg%22%20width%3D%22473%22%20height%3D%22300%22%20viewBox%3D%220%200%20473%20300%22%3E%3C%2Fsvg%3E\" loading=\"eager\"><\/span><span class=\"fg-image-overlay\"><\/span><\/a><figcaption class=\"fg-caption\"><div class=\"fg-caption-inner\"><div class=\"fg-caption-title\">Ilustrado por Mar\u00eda Lara Mart\u00edn<\/div><div class=\"fg-caption-desc\">PEGADAS<\/div><\/div><\/figcaption><\/figure><div class=\"fg-loader\"><\/div><\/div><div class=\"fg-item fg-type-image fg-idle\"><figure class=\"fg-item-inner\"><a href=\"https:\/\/robertoalvite.com\/wp-content\/uploads\/2023\/01\/PEGADAS-comic-interactivo-roberto-alvite-maria-lara-martin-melgo-cinema-drama-familia-infancia-ninos-ninas-galicia-gallego-3.jpg\" data-caption-title=\"Ilustrado por Mar\u00eda Lara Mart\u00edn\" data-caption-desc=\"PEGADAS\" data-attachment-id=\"998\" data-type=\"image\" class=\"fg-thumb\"><span class=\"fg-image-wrap\"><img decoding=\"async\" title=\"Ilustrado por Mar\u00eda Lara Mart\u00edn\" height=\"300\" width=\"482\" class=\"skip-lazy fg-image\" data-src-fg=\"https:\/\/robertoalvite.com\/wp-content\/uploads\/cache\/2023\/01\/PEGADAS-comic-interactivo-roberto-alvite-maria-lara-martin-melgo-cinema-drama-familia-infancia-ninos-ninas-galicia-gallego-3\/4121617230.jpg\" src=\"data:image\/svg+xml,%3Csvg%20xmlns%3D%22http%3A%2F%2Fwww.w3.org%2F2000%2Fsvg%22%20width%3D%22482%22%20height%3D%22300%22%20viewBox%3D%220%200%20482%20300%22%3E%3C%2Fsvg%3E\" loading=\"eager\"><\/span><span class=\"fg-image-overlay\"><\/span><\/a><figcaption class=\"fg-caption\"><div class=\"fg-caption-inner\"><div class=\"fg-caption-title\">Ilustrado por Mar\u00eda Lara Mart\u00edn<\/div><div class=\"fg-caption-desc\">PEGADAS<\/div><\/div><\/figcaption><\/figure><div class=\"fg-loader\"><\/div><\/div><div class=\"fg-item fg-type-image fg-idle\"><figure class=\"fg-item-inner\"><a href=\"https:\/\/robertoalvite.com\/wp-content\/uploads\/2023\/01\/PEGADAS-comic-interactivo-roberto-alvite-maria-lara-martin-melgo-cinema-drama-familia-infancia-ninos-ninas-galicia-gallego-2.jpg\" data-caption-title=\"Ilustrado por Mar\u00eda Lara Mart\u00edn\" data-caption-desc=\"PEGADAS\" data-attachment-id=\"997\" data-type=\"image\" class=\"fg-thumb\"><span class=\"fg-image-wrap\"><img decoding=\"async\" title=\"Ilustrado por Mar\u00eda Lara Mart\u00edn\" height=\"300\" width=\"482\" class=\"skip-lazy fg-image\" data-src-fg=\"https:\/\/robertoalvite.com\/wp-content\/uploads\/cache\/2023\/01\/PEGADAS-comic-interactivo-roberto-alvite-maria-lara-martin-melgo-cinema-drama-familia-infancia-ninos-ninas-galicia-gallego-2\/3404894154.jpg\" src=\"data:image\/svg+xml,%3Csvg%20xmlns%3D%22http%3A%2F%2Fwww.w3.org%2F2000%2Fsvg%22%20width%3D%22482%22%20height%3D%22300%22%20viewBox%3D%220%200%20482%20300%22%3E%3C%2Fsvg%3E\" loading=\"eager\"><\/span><span class=\"fg-image-overlay\"><\/span><\/a><figcaption class=\"fg-caption\"><div class=\"fg-caption-inner\"><div class=\"fg-caption-title\">Ilustrado por Mar\u00eda Lara Mart\u00edn<\/div><div class=\"fg-caption-desc\">PEGADAS<\/div><\/div><\/figcaption><\/figure><div class=\"fg-loader\"><\/div><\/div><div class=\"fg-item fg-type-image fg-idle\"><figure class=\"fg-item-inner\"><a href=\"https:\/\/robertoalvite.com\/wp-content\/uploads\/2023\/01\/PEGADAS-comic-interactivo-roberto-alvite-maria-lara-martin-melgo-cinema-drama-familia-infancia-ninos-ninas-galicia-gallego-4.jpg\" data-caption-title=\"Ilustrado por Mar\u00eda Lara Mart\u00edn\" data-caption-desc=\"PEGADAS\" data-attachment-id=\"994\" data-type=\"image\" class=\"fg-thumb\"><span class=\"fg-image-wrap\"><img decoding=\"async\" title=\"Ilustrado por Mar\u00eda Lara Mart\u00edn\" height=\"300\" width=\"482\" class=\"skip-lazy fg-image\" data-src-fg=\"https:\/\/robertoalvite.com\/wp-content\/uploads\/cache\/2023\/01\/PEGADAS-comic-interactivo-roberto-alvite-maria-lara-martin-melgo-cinema-drama-familia-infancia-ninos-ninas-galicia-gallego-4\/1012059935.jpg\" src=\"data:image\/svg+xml,%3Csvg%20xmlns%3D%22http%3A%2F%2Fwww.w3.org%2F2000%2Fsvg%22%20width%3D%22482%22%20height%3D%22300%22%20viewBox%3D%220%200%20482%20300%22%3E%3C%2Fsvg%3E\" loading=\"eager\"><\/span><span class=\"fg-image-overlay\"><\/span><\/a><figcaption class=\"fg-caption\"><div class=\"fg-caption-inner\"><div class=\"fg-caption-title\">Ilustrado por Mar\u00eda Lara Mart\u00edn<\/div><div class=\"fg-caption-desc\">PEGADAS<\/div><\/div><\/figcaption><\/figure><div class=\"fg-loader\"><\/div><\/div><\/div>\n\n\n\n\n<p><\/p>\n\n\n\n<p class=\"has-text-align-center\"><strong>COA COLABORACI\u00d3N DE<\/strong><\/p>\n\n\n<div class=\"wp-block-image\">\n<figure class=\"aligncenter size-large is-resized\"><img loading=\"lazy\" decoding=\"async\" width=\"1024\" height=\"457\" src=\"https:\/\/robertoalvite.com\/wp-content\/uploads\/2023\/01\/DepCor_horiz-1024x457.png\" alt=\"\" class=\"wp-image-968\" style=\"width:363px;height:162px\" srcset=\"https:\/\/robertoalvite.com\/wp-content\/uploads\/2023\/01\/DepCor_horiz-1024x457.png 1024w, https:\/\/robertoalvite.com\/wp-content\/uploads\/2023\/01\/DepCor_horiz-300x134.png 300w, https:\/\/robertoalvite.com\/wp-content\/uploads\/2023\/01\/DepCor_horiz-768x343.png 768w, https:\/\/robertoalvite.com\/wp-content\/uploads\/2023\/01\/DepCor_horiz-18x8.png 18w, https:\/\/robertoalvite.com\/wp-content\/uploads\/2023\/01\/DepCor_horiz-508x227.png 508w, https:\/\/robertoalvite.com\/wp-content\/uploads\/2023\/01\/DepCor_horiz.png 1088w\" sizes=\"auto, (max-width: 1024px) 100vw, 1024px\" \/><\/figure>\n<\/div>\n\n<div class=\"wp-block-image\">\n<figure class=\"aligncenter size-full is-resized\"><img loading=\"lazy\" decoding=\"async\" width=\"918\" height=\"242\" src=\"https:\/\/robertoalvite.com\/wp-content\/uploads\/2023\/01\/marcaInstitucional2020.png\" alt=\"\" class=\"wp-image-969\" style=\"width:368px;height:96px\" srcset=\"https:\/\/robertoalvite.com\/wp-content\/uploads\/2023\/01\/marcaInstitucional2020.png 918w, https:\/\/robertoalvite.com\/wp-content\/uploads\/2023\/01\/marcaInstitucional2020-300x79.png 300w, https:\/\/robertoalvite.com\/wp-content\/uploads\/2023\/01\/marcaInstitucional2020-768x202.png 768w, https:\/\/robertoalvite.com\/wp-content\/uploads\/2023\/01\/marcaInstitucional2020-18x5.png 18w, https:\/\/robertoalvite.com\/wp-content\/uploads\/2023\/01\/marcaInstitucional2020-508x134.png 508w\" sizes=\"auto, (max-width: 918px) 100vw, 918px\" \/><\/figure>\n<\/div>\n\n<div class=\"wp-block-image\">\n<figure class=\"aligncenter size-large is-resized\"><img loading=\"lazy\" decoding=\"async\" width=\"1024\" height=\"422\" src=\"https:\/\/robertoalvite.com\/wp-content\/uploads\/2023\/01\/CREA_Logotipo-color-1920x721-1-1024x422.png\" alt=\"\" class=\"wp-image-1002\" style=\"width:364px;height:150px\" srcset=\"https:\/\/robertoalvite.com\/wp-content\/uploads\/2023\/01\/CREA_Logotipo-color-1920x721-1-1024x422.png 1024w, https:\/\/robertoalvite.com\/wp-content\/uploads\/2023\/01\/CREA_Logotipo-color-1920x721-1-300x124.png 300w, https:\/\/robertoalvite.com\/wp-content\/uploads\/2023\/01\/CREA_Logotipo-color-1920x721-1-768x316.png 768w, https:\/\/robertoalvite.com\/wp-content\/uploads\/2023\/01\/CREA_Logotipo-color-1920x721-1-1536x633.png 1536w, https:\/\/robertoalvite.com\/wp-content\/uploads\/2023\/01\/CREA_Logotipo-color-1920x721-1-18x7.png 18w, https:\/\/robertoalvite.com\/wp-content\/uploads\/2023\/01\/CREA_Logotipo-color-1920x721-1-1240x511.png 1240w, https:\/\/robertoalvite.com\/wp-content\/uploads\/2023\/01\/CREA_Logotipo-color-1920x721-1-508x209.png 508w, https:\/\/robertoalvite.com\/wp-content\/uploads\/2023\/01\/CREA_Logotipo-color-1920x721-1.png 1920w\" sizes=\"auto, (max-width: 1024px) 100vw, 1024px\" \/><\/figure>\n<\/div>\n\n<div class=\"wp-block-image\">\n<figure class=\"aligncenter size-large is-resized\"><img loading=\"lazy\" decoding=\"async\" width=\"1024\" height=\"130\" src=\"https:\/\/robertoalvite.com\/wp-content\/uploads\/2023\/01\/Triodos-Bank-logo-svg-png-1024x130.png\" alt=\"\" class=\"wp-image-1003\" style=\"width:368px;height:47px\" srcset=\"https:\/\/robertoalvite.com\/wp-content\/uploads\/2023\/01\/Triodos-Bank-logo-svg-png-1024x130.png 1024w, https:\/\/robertoalvite.com\/wp-content\/uploads\/2023\/01\/Triodos-Bank-logo-svg-png-300x38.png 300w, https:\/\/robertoalvite.com\/wp-content\/uploads\/2023\/01\/Triodos-Bank-logo-svg-png-768x97.png 768w, https:\/\/robertoalvite.com\/wp-content\/uploads\/2023\/01\/Triodos-Bank-logo-svg-png-1536x194.png 1536w, https:\/\/robertoalvite.com\/wp-content\/uploads\/2023\/01\/Triodos-Bank-logo-svg-png-18x2.png 18w, https:\/\/robertoalvite.com\/wp-content\/uploads\/2023\/01\/Triodos-Bank-logo-svg-png-1240x157.png 1240w, https:\/\/robertoalvite.com\/wp-content\/uploads\/2023\/01\/Triodos-Bank-logo-svg-png-508x64.png 508w, https:\/\/robertoalvite.com\/wp-content\/uploads\/2023\/01\/Triodos-Bank-logo-svg-png.png 1920w\" sizes=\"auto, (max-width: 1024px) 100vw, 1024px\" \/><\/figure>\n<\/div>","protected":false},"excerpt":{"rendered":"<p>PEGADAS es un c\u00f3mic digital e interactivo sobre la desprotecci\u00f3n de la infancia, de g\u00e9nero dram\u00e1tico. Se trata de un proyecto escrito, dirigido y producido por m\u00ed, e ilustrado por Mar\u00eda Lara Mart\u00edn. Lanzamiento previsto en 2026 para PC, con textos en gallego, espa\u00f1ol e ingl\u00e9s. SINOPSIS Un grupo de ni\u00f1os y ni\u00f1as intenta divertirse [&hellip;]<\/p>\n","protected":false},"author":1,"featured_media":0,"parent":0,"menu_order":0,"comment_status":"closed","ping_status":"closed","template":"","meta":{"footnotes":""},"class_list":["post-953","page","type-page","status-publish","hentry"],"yoast_head":"<!-- This site is optimized with the Yoast SEO plugin v27.5 - https:\/\/yoast.com\/product\/yoast-seo-wordpress\/ -->\n<title>ROBERTO ALVITE - PEGADAS C\u00f3mic digital<\/title>\n<meta name=\"description\" content=\"&quot;PEGADAS&quot;: un c\u00f3mic digital e interactivo sobre la infancia, familia, divorcio... Un c\u00f3mic para ni\u00f1os, ni\u00f1as, padres y madres en acuarela.\" \/>\n<meta name=\"robots\" content=\"index, follow, max-snippet:-1, max-image-preview:large, max-video-preview:-1\" \/>\n<link rel=\"canonical\" href=\"https:\/\/robertoalvite.com\/gl\/pegadas\/\" \/>\n<meta property=\"og:locale\" content=\"gl_ES\" \/>\n<meta property=\"og:type\" content=\"article\" \/>\n<meta property=\"og:title\" content=\"ROBERTO ALVITE - PEGADAS C\u00f3mic digital\" \/>\n<meta property=\"og:description\" content=\"&quot;PEGADAS&quot;: un c\u00f3mic digital e interactivo sobre la infancia, familia, divorcio... Un c\u00f3mic para ni\u00f1os, ni\u00f1as, padres y madres en acuarela.\" \/>\n<meta property=\"og:url\" content=\"https:\/\/robertoalvite.com\/gl\/pegadas\/\" \/>\n<meta property=\"og:site_name\" content=\"ROBERTO ALVITE\" \/>\n<meta property=\"article:publisher\" content=\"http:\/\/www.facebook.com\/roberto.rodriguezalvite\" \/>\n<meta property=\"article:modified_time\" content=\"2025-07-16T11:36:25+00:00\" \/>\n<meta property=\"og:image\" content=\"https:\/\/robertoalvite.com\/wp-content\/uploads\/2023\/01\/PEGADAS-comic-interactivo-roberto-alvite-maria-lara-martin-melgo-cinema-drama-familia-infancia-ninos-ninas-galicia-gallego-cartel-1.jpg\" \/>\n\t<meta property=\"og:image:width\" content=\"1920\" \/>\n\t<meta property=\"og:image:height\" content=\"1080\" \/>\n\t<meta property=\"og:image:type\" content=\"image\/jpeg\" \/>\n<meta name=\"twitter:card\" content=\"summary_large_image\" \/>\n<meta name=\"twitter:label1\" content=\"Tempo de lectura\" \/>\n\t<meta name=\"twitter:data1\" content=\"2 minutos\" \/>\n<script type=\"application\/ld+json\" class=\"yoast-schema-graph\">{\"@context\":\"https:\\\/\\\/schema.org\",\"@graph\":[{\"@type\":\"WebPage\",\"@id\":\"https:\\\/\\\/robertoalvite.com\\\/pegadas\\\/\",\"url\":\"https:\\\/\\\/robertoalvite.com\\\/pegadas\\\/\",\"name\":\"ROBERTO ALVITE - PEGADAS C\u00f3mic digital\",\"isPartOf\":{\"@id\":\"https:\\\/\\\/robertoalvite.com\\\/#website\"},\"primaryImageOfPage\":{\"@id\":\"https:\\\/\\\/robertoalvite.com\\\/pegadas\\\/#primaryimage\"},\"image\":{\"@id\":\"https:\\\/\\\/robertoalvite.com\\\/pegadas\\\/#primaryimage\"},\"thumbnailUrl\":\"https:\\\/\\\/robertoalvite.com\\\/wp-content\\\/uploads\\\/2023\\\/01\\\/PEGADAS-comic-interactivo-roberto-alvite-maria-lara-martin-melgo-cinema-drama-familia-infancia-ninos-ninas-galicia-gallego-cartel-1-1024x576.jpg\",\"datePublished\":\"2022-12-25T19:34:14+00:00\",\"dateModified\":\"2025-07-16T11:36:25+00:00\",\"description\":\"\\\"PEGADAS\\\": un c\u00f3mic digital e interactivo sobre la infancia, familia, divorcio... Un c\u00f3mic para ni\u00f1os, ni\u00f1as, padres y madres en acuarela.\",\"breadcrumb\":{\"@id\":\"https:\\\/\\\/robertoalvite.com\\\/pegadas\\\/#breadcrumb\"},\"inLanguage\":\"gl-ES\",\"potentialAction\":[{\"@type\":\"ReadAction\",\"target\":[\"https:\\\/\\\/robertoalvite.com\\\/pegadas\\\/\"]}]},{\"@type\":\"ImageObject\",\"inLanguage\":\"gl-ES\",\"@id\":\"https:\\\/\\\/robertoalvite.com\\\/pegadas\\\/#primaryimage\",\"url\":\"https:\\\/\\\/robertoalvite.com\\\/wp-content\\\/uploads\\\/2023\\\/01\\\/PEGADAS-comic-interactivo-roberto-alvite-maria-lara-martin-melgo-cinema-drama-familia-infancia-ninos-ninas-galicia-gallego-cartel-1-1024x576.jpg\",\"contentUrl\":\"https:\\\/\\\/robertoalvite.com\\\/wp-content\\\/uploads\\\/2023\\\/01\\\/PEGADAS-comic-interactivo-roberto-alvite-maria-lara-martin-melgo-cinema-drama-familia-infancia-ninos-ninas-galicia-gallego-cartel-1-1024x576.jpg\"},{\"@type\":\"BreadcrumbList\",\"@id\":\"https:\\\/\\\/robertoalvite.com\\\/pegadas\\\/#breadcrumb\",\"itemListElement\":[{\"@type\":\"ListItem\",\"position\":1,\"name\":\"Portada\",\"item\":\"https:\\\/\\\/robertoalvite.com\\\/\"},{\"@type\":\"ListItem\",\"position\":2,\"name\":\"PEGADAS\"}]},{\"@type\":\"WebSite\",\"@id\":\"https:\\\/\\\/robertoalvite.com\\\/#website\",\"url\":\"https:\\\/\\\/robertoalvite.com\\\/\",\"name\":\"ROBERTO ALVITE\",\"description\":\"Actor, productor, guionista y director\",\"potentialAction\":[{\"@type\":\"SearchAction\",\"target\":{\"@type\":\"EntryPoint\",\"urlTemplate\":\"https:\\\/\\\/robertoalvite.com\\\/?s={search_term_string}\"},\"query-input\":{\"@type\":\"PropertyValueSpecification\",\"valueRequired\":true,\"valueName\":\"search_term_string\"}}],\"inLanguage\":\"gl-ES\"}]}<\/script>\n<!-- \/ Yoast SEO plugin. -->","yoast_head_json":{"title":"ROBERTO ALVITE - PEGADAS C\u00f3mic digital","description":"\"PEGADAS\": un c\u00f3mic digital e interactivo sobre la infancia, familia, divorcio... Un c\u00f3mic para ni\u00f1os, ni\u00f1as, padres y madres en acuarela.","robots":{"index":"index","follow":"follow","max-snippet":"max-snippet:-1","max-image-preview":"max-image-preview:large","max-video-preview":"max-video-preview:-1"},"canonical":"https:\/\/robertoalvite.com\/gl\/pegadas\/","og_locale":"gl_ES","og_type":"article","og_title":"ROBERTO ALVITE - PEGADAS C\u00f3mic digital","og_description":"\"PEGADAS\": un c\u00f3mic digital e interactivo sobre la infancia, familia, divorcio... Un c\u00f3mic para ni\u00f1os, ni\u00f1as, padres y madres en acuarela.","og_url":"https:\/\/robertoalvite.com\/gl\/pegadas\/","og_site_name":"ROBERTO ALVITE","article_publisher":"http:\/\/www.facebook.com\/roberto.rodriguezalvite","article_modified_time":"2025-07-16T11:36:25+00:00","og_image":[{"width":1920,"height":1080,"url":"https:\/\/robertoalvite.com\/wp-content\/uploads\/2023\/01\/PEGADAS-comic-interactivo-roberto-alvite-maria-lara-martin-melgo-cinema-drama-familia-infancia-ninos-ninas-galicia-gallego-cartel-1.jpg","type":"image\/jpeg"}],"twitter_card":"summary_large_image","twitter_misc":{"Tempo de lectura":"2 minutos"},"schema":{"@context":"https:\/\/schema.org","@graph":[{"@type":"WebPage","@id":"https:\/\/robertoalvite.com\/pegadas\/","url":"https:\/\/robertoalvite.com\/pegadas\/","name":"ROBERTO ALVITE - PEGADAS C\u00f3mic digital","isPartOf":{"@id":"https:\/\/robertoalvite.com\/#website"},"primaryImageOfPage":{"@id":"https:\/\/robertoalvite.com\/pegadas\/#primaryimage"},"image":{"@id":"https:\/\/robertoalvite.com\/pegadas\/#primaryimage"},"thumbnailUrl":"https:\/\/robertoalvite.com\/wp-content\/uploads\/2023\/01\/PEGADAS-comic-interactivo-roberto-alvite-maria-lara-martin-melgo-cinema-drama-familia-infancia-ninos-ninas-galicia-gallego-cartel-1-1024x576.jpg","datePublished":"2022-12-25T19:34:14+00:00","dateModified":"2025-07-16T11:36:25+00:00","description":"\"PEGADAS\": un c\u00f3mic digital e interactivo sobre la infancia, familia, divorcio... Un c\u00f3mic para ni\u00f1os, ni\u00f1as, padres y madres en acuarela.","breadcrumb":{"@id":"https:\/\/robertoalvite.com\/pegadas\/#breadcrumb"},"inLanguage":"gl-ES","potentialAction":[{"@type":"ReadAction","target":["https:\/\/robertoalvite.com\/pegadas\/"]}]},{"@type":"ImageObject","inLanguage":"gl-ES","@id":"https:\/\/robertoalvite.com\/pegadas\/#primaryimage","url":"https:\/\/robertoalvite.com\/wp-content\/uploads\/2023\/01\/PEGADAS-comic-interactivo-roberto-alvite-maria-lara-martin-melgo-cinema-drama-familia-infancia-ninos-ninas-galicia-gallego-cartel-1-1024x576.jpg","contentUrl":"https:\/\/robertoalvite.com\/wp-content\/uploads\/2023\/01\/PEGADAS-comic-interactivo-roberto-alvite-maria-lara-martin-melgo-cinema-drama-familia-infancia-ninos-ninas-galicia-gallego-cartel-1-1024x576.jpg"},{"@type":"BreadcrumbList","@id":"https:\/\/robertoalvite.com\/pegadas\/#breadcrumb","itemListElement":[{"@type":"ListItem","position":1,"name":"Portada","item":"https:\/\/robertoalvite.com\/"},{"@type":"ListItem","position":2,"name":"PEGADAS"}]},{"@type":"WebSite","@id":"https:\/\/robertoalvite.com\/#website","url":"https:\/\/robertoalvite.com\/","name":"ROBERTO ALVITE","description":"Actor, produtor, guionista e director","potentialAction":[{"@type":"SearchAction","target":{"@type":"EntryPoint","urlTemplate":"https:\/\/robertoalvite.com\/?s={search_term_string}"},"query-input":{"@type":"PropertyValueSpecification","valueRequired":true,"valueName":"search_term_string"}}],"inLanguage":"gl-ES"}]}},"_links":{"self":[{"href":"https:\/\/robertoalvite.com\/gl\/wp-json\/wp\/v2\/pages\/953","targetHints":{"allow":["GET"]}}],"collection":[{"href":"https:\/\/robertoalvite.com\/gl\/wp-json\/wp\/v2\/pages"}],"about":[{"href":"https:\/\/robertoalvite.com\/gl\/wp-json\/wp\/v2\/types\/page"}],"author":[{"embeddable":true,"href":"https:\/\/robertoalvite.com\/gl\/wp-json\/wp\/v2\/users\/1"}],"replies":[{"embeddable":true,"href":"https:\/\/robertoalvite.com\/gl\/wp-json\/wp\/v2\/comments?post=953"}],"version-history":[{"count":24,"href":"https:\/\/robertoalvite.com\/gl\/wp-json\/wp\/v2\/pages\/953\/revisions"}],"predecessor-version":[{"id":1184,"href":"https:\/\/robertoalvite.com\/gl\/wp-json\/wp\/v2\/pages\/953\/revisions\/1184"}],"wp:attachment":[{"href":"https:\/\/robertoalvite.com\/gl\/wp-json\/wp\/v2\/media?parent=953"}],"curies":[{"name":"wp","href":"https:\/\/api.w.org\/{rel}","templated":true}]}}